{"id":373,"date":"2021-08-19T18:28:27","date_gmt":"2021-08-19T18:28:27","guid":{"rendered":"https:\/\/www.science-festival.lu\/?page_id=373"},"modified":"2025-12-09T17:00:20","modified_gmt":"2025-12-09T17:00:20","slug":"infos-pour-classes-scolaires-et-groupes","status":"publish","type":"page","link":"https:\/\/www.science-festival.lu\/en\/infos-pour-classes-scolaires-et-groupes\/","title":{"rendered":"School classes and groups"},"content":{"rendered":"<div class=\"wpb-content-wrapper\"><p>[vc_row css_animation=&#8221;&#8221; row_type=&#8221;row&#8221; use_row_as_full_screen_section=&#8221;no&#8221; type=&#8221;full_width&#8221; angled_section=&#8221;no&#8221; text_align=&#8221;left&#8221; background_image_as_pattern=&#8221;without_pattern&#8221; css=&#8221;.vc_custom_1758544886004{padding-top: 30px !important;padding-right: 30px !important;padding-bottom: 30px !important;padding-left: 30px !important;background-color: #FFD200 !important;}&#8221; z_index=&#8221;&#8221;][vc_column][vc_column_text css=&#8221;&#8221;]<\/p>\n<h3 style=\"text-align: center;\">244 school classes and groups took part in the Science Festival 2025.<br \/>\nThis corresponds to nearly 4,000 young people and their accompanying adults.<\/h3>\n<p>[\/vc_column_text][\/vc_column][\/vc_row][vc_row css_animation=&#8221;&#8221; row_type=&#8221;row&#8221; use_row_as_full_screen_section=&#8221;no&#8221; type=&#8221;full_width&#8221; angled_section=&#8221;no&#8221; text_align=&#8221;left&#8221; background_image_as_pattern=&#8221;without_pattern&#8221;][vc_column][vc_empty_space height=&#8221;50&#8243;][\/vc_column][\/vc_row][vc_row row_type=&#8221;parallax&#8221; parallax_content_width=&#8221;in_grid&#8221; text_align=&#8221;left&#8221; full_screen_section_height=&#8221;no&#8221;][vc_column][vc_empty_space height=&#8221;20&#8243;][vc_column_text css=&#8221;&#8221;]<\/p>\n<h1 style=\"text-align: center;\">Info for school classes and groups of the 2027 edition<\/h1>\n<p>[\/vc_column_text][vc_separator type=&#8221;small&#8221; position=&#8221;center&#8221; color=&#8221;#fc9434&#8243; thickness=&#8221;3&#8243;][vc_column_text css=&#8221;&#8221;]<\/p>\n<h6 style=\"text-align: center;\">About 60 activities (workshops and shows) are awaiting the visitors school of the Science Festival.<br \/>\nThere should be something for everyone!<\/h6>\n<p>[\/vc_column_text][vc_empty_space height=&#8221;20&#8243;][\/vc_column][\/vc_row][vc_row css_animation=&#8221;&#8221; row_type=&#8221;row&#8221; use_row_as_full_screen_section=&#8221;no&#8221; type=&#8221;full_width&#8221; angled_section=&#8221;no&#8221; text_align=&#8221;left&#8221; background_image_as_pattern=&#8221;without_pattern&#8221; css=&#8221;.vc_custom_1750407317035{padding-top: 30px !important;padding-right: 30px !important;padding-bottom: 30px !important;padding-left: 30px !important;background-color: #FFD200 !important;}&#8221; z_index=&#8221;&#8221;][vc_column width=&#8221;1\/2&#8243;][vc_column_text css=&#8221;&#8221;]<\/p>\n<h2>Target group<\/h2>\n<p><strong>Primary school:<\/strong> Cycles 3.2, 4.1 and 4.2<\/p>\n<p><strong>Secondary school:<\/strong>\u00a07e, 6e, 5e<\/p>\n<p><strong>Extra-school groups<\/strong> : 10- 15 years[\/vc_column_text][vc_column_text css=&#8221;&#8221;]<\/p>\n<h2>Registration<\/h2>\n<p>Registration <strong>will opened in September 2027<\/strong>, exclusively via a form on our website.[\/vc_column_text][vc_column_text css=&#8221;&#8221;]<\/p>\n<h2>Catering<\/h2>\n<p>Picnic areas are available on site.[\/vc_column_text][\/vc_column][vc_column width=&#8221;1\/2&#8243;][vc_column_text css=&#8221;&#8221;]<\/p>\n<h2>Size of the groups<\/h2>\n<p><strong>Groups of more than 21 students \/ kids have to be divided into sub-groups<\/strong> to allow for a more interactive exchange with the kids, but also to avoid overcrowding in the workshops.[\/vc_column_text][vc_column_text css=&#8221;&#8221;]<\/p>\n<h2>Contact<strong><br \/>\n<\/strong><\/h2>\n<p>Mus\u00e9e national d\u2019histoire naturelle<br \/>\n25, rue M\u00fcnster<br \/>\nL-2160 Luxembourg<\/p>\n<p>Tel.: +352 46 22 33 \u2013 450 \/ 429 \/ 432<a href=\"mailto:science-festival@mnhn.lu\"><br \/>\n<\/a>E-mail: <strong><a href=\"mailto:inscriptions.science-festival@mnhn.lu\">inscriptions.science-festival@mnhn.lu<\/a><\/strong>[\/vc_column_text][\/vc_column][\/vc_row][vc_row css_animation=&#8221;&#8221; row_type=&#8221;row&#8221; use_row_as_full_screen_section=&#8221;no&#8221; type=&#8221;full_width&#8221; angled_section=&#8221;no&#8221; text_align=&#8221;left&#8221; background_image_as_pattern=&#8221;without_pattern&#8221;][vc_column][vc_empty_space height=&#8221;50&#8243;][\/vc_column][\/vc_row][vc_row css_animation=&#8221;&#8221; row_type=&#8221;row&#8221; use_row_as_full_screen_section=&#8221;no&#8221; type=&#8221;full_width&#8221; angled_section=&#8221;no&#8221; text_align=&#8221;left&#8221; background_image_as_pattern=&#8221;without_pattern&#8221;][vc_column][vc_column_text]<\/p>\n<h1 style=\"text-align: center;\">Schedule<\/h1>\n<p>[\/vc_column_text][vc_separator type=&#8221;small&#8221; position=&#8221;center&#8221; color=&#8221;#fc9434&#8243; thickness=&#8221;3&#8243;][vc_column_text css=&#8221;&#8221;]<\/p>\n<h6 style=\"text-align: center;\">The festival will be open from 9:15 to 12:00 (bloc 1) and from 13:30 to 16:30 (bloc 2).<\/h6>\n<h6 style=\"text-align: center;\">You and your students will participate in a block consisting of 3 or 4 activities of 30 minutes each.<br \/>\nYou&#8217;re free to explore the Science Festival after the third activity.<\/h6>\n<p>[\/vc_column_text][vc_empty_space height=&#8221;50&#8243;][\/vc_column][\/vc_row][vc_row css_animation=&#8221;&#8221; row_type=&#8221;row&#8221; use_row_as_full_screen_section=&#8221;no&#8221; type=&#8221;full_width&#8221; angled_section=&#8221;no&#8221; text_align=&#8221;left&#8221; background_image_as_pattern=&#8221;without_pattern&#8221; css=&#8221;.vc_custom_1750407327361{padding-top: 30px !important;padding-right: 100px !important;padding-bottom: 30px !important;padding-left: 100px !important;background-color: #FFD200 !important;}&#8221; z_index=&#8221;&#8221;][vc_column width=&#8221;1\/3&#8243; offset=&#8221;vc_hidden-xs&#8221;][vc_column_text]<\/p>\n<h2 style=\"text-align: center;\">Workshops<\/h2>\n<p>[\/vc_column_text][vc_column_text]<\/p>\n<h6 style=\"text-align: center;\">Workshop 1<\/h6>\n<p>[\/vc_column_text][vc_column_text]<\/p>\n<h6 style=\"text-align: center;\">Workshop 2<\/h6>\n<p>[\/vc_column_text][vc_column_text]<\/p>\n<h6 style=\"text-align: center;\">Workshop 3<\/h6>\n<p>[\/vc_column_text][vc_column_text css=&#8221;&#8221;]<\/p>\n<h6 style=\"text-align: center;\">workshop 4 or free visit (optional)<\/h6>\n<p>[\/vc_column_text][\/vc_column][vc_column width=&#8221;1\/3&#8243; offset=&#8221;vc_hidden-xs&#8221;][vc_column_text]<\/p>\n<h2 style=\"text-align: center;\">Bloc 1<\/h2>\n<p>[\/vc_column_text][vc_column_text]<\/p>\n<h6 style=\"text-align: center;\">9h15-9h45<\/h6>\n<p>[\/vc_column_text][vc_column_text]<\/p>\n<h6 style=\"text-align: center;\">10h00-10h30<\/h6>\n<p>[\/vc_column_text][vc_column_text]<\/p>\n<h6 style=\"text-align: center;\">10h45-11h15<\/h6>\n<p>[\/vc_column_text][vc_column_text css=&#8221;&#8221;]<\/p>\n<h6 style=\"text-align: center;\">11h30-12h00<\/h6>\n<p>[\/vc_column_text][\/vc_column][vc_column width=&#8221;1\/3&#8243; offset=&#8221;vc_hidden-xs&#8221;][vc_column_text]<\/p>\n<h2 style=\"text-align: center;\">Bloc 2<\/h2>\n<p>[\/vc_column_text][vc_column_text]<\/p>\n<h6 style=\"text-align: center;\">13h30-14h00<\/h6>\n<p>[\/vc_column_text][vc_column_text]<\/p>\n<h6 style=\"text-align: center;\">14h15-14h45<\/h6>\n<p>[\/vc_column_text][vc_column_text]<\/p>\n<h6 style=\"text-align: center;\">15h00-15h30<\/h6>\n<p>[\/vc_column_text][vc_column_text css=&#8221;&#8221;]<\/p>\n<h6 style=\"text-align: center;\">15h45-16h15<\/h6>\n<p>[\/vc_column_text][\/vc_column][\/vc_row][vc_row css_animation=&#8221;&#8221; row_type=&#8221;row&#8221; use_row_as_full_screen_section=&#8221;no&#8221; type=&#8221;full_width&#8221; angled_section=&#8221;no&#8221; text_align=&#8221;left&#8221; background_image_as_pattern=&#8221;without_pattern&#8221;][vc_column][vc_column_text]<\/p>\n<h1 style=\"text-align: center;\">Transport informatioun<\/h1>\n<p>[\/vc_column_text][vc_separator type=&#8221;small&#8221; position=&#8221;center&#8221; color=&#8221;#fc9434&#8243; thickness=&#8221;3&#8243;][vc_column_text]<\/p>\n<h6 style=\"text-align: center;\">If you are using public transport with groups of more than 10 people, we recommend to book a group ticket in advance by contacting the relevant transport company.<\/h6>\n<p>[\/vc_column_text][vc_empty_space height=&#8221;50&#8243;][\/vc_column][\/vc_row][vc_row css_animation=&#8221;&#8221; row_type=&#8221;row&#8221; use_row_as_full_screen_section=&#8221;no&#8221; type=&#8221;full_width&#8221; angled_section=&#8221;no&#8221; text_align=&#8221;left&#8221; background_image_as_pattern=&#8221;without_pattern&#8221; css=&#8221;.vc_custom_1750407335217{padding-top: 30px !important;padding-right: 30px !important;padding-bottom: 30px !important;padding-left: 30px !important;background-color: #FFD200 !important;}&#8221; z_index=&#8221;&#8221;][vc_column width=&#8221;1\/3&#8243;][vc_column_text css=&#8221;&#8221;]<\/p>\n<h2><img decoding=\"async\" class=\"wp-image-1641 alignnone\" src=\"https:\/\/www.science-festival.lu\/wp-content\/uploads\/2023\/07\/bus-300x300.png\" alt=\"\" width=\"42\" height=\"36\" \/><\/h2>\n<p><strong>Line AVL 23:<\/strong> Stop Stadgronn Br\u00e9ck<\/p>\n<p><strong>Line AVL 14 &amp; 15:<\/strong> Stop Clausen\/Rumm<\/p>\n<p>&nbsp;<\/p>\n<h2><img decoding=\"async\" class=\"alignnone wp-image-1642\" src=\"https:\/\/www.science-festival.lu\/wp-content\/uploads\/2023\/07\/train-300x300.png\" alt=\"\" width=\"32\" height=\"30\" \/><\/h2>\n<p><strong>Main railway station or Pfaffenthal-Kirchberg station.<\/strong><br \/>\nThe Grund can be reached on foot in approx. 15 minutes.[\/vc_column_text][\/vc_column][vc_column width=&#8221;2\/3&#8243;][vc_column_text css=&#8221;&#8221;]<\/p>\n<h2 style=\"text-align: left;\">Special bus<\/h2>\n<p style=\"text-align: left;\">If you are using a<strong> special bus<\/strong>, please note that the bus cannot enter Rue M\u00fcnster. Please refer to the following map for the places where you can stop with the bus: <a href=\"https:\/\/www.science-festival.lu\/wp-content\/uploads\/2023\/09\/plan_bus.pdf\" target=\"_blank\" rel=\"noopener\"><b>map <\/b><\/a>(pdf)<\/p>\n<div>\n<p style=\"text-align: left;\">1.\u00a0<strong>Stop &#8220;Roosevelt&#8221; (Boulevard Roosevelt)<\/strong>.<br \/>\nWalk down to Grund or use the lift that connects the Plateau du Saint-Esprit to the Grund (5 min).<\/p>\n<p style=\"text-align: left;\">2. <strong>Stop&#8221;Rumm&#8221;, at the intersection of Rue de Tr\u00e8ves and Rue de la Tour Jacob (Clausen)<\/strong>.<br \/>\nGo down Rue du Rham, then cross the small bridge to Abbaye de Neum\u00fcnster (5 min).<\/p>\n<p style=\"text-align: left;\">3.\u00a0<strong>Rue Sigefroi (Mont\u00e9e de Clausen) in front of the &#8220;Huelen Zant&#8221;<\/strong>.<br \/>\nWalk up the road, turn left to walk along the Corniche and then down Breedewee (10-15 mins).<\/p>\n<p style=\"text-align: left;\">4. <strong>Stop &#8220;Heinrich Heine&#8221;, next to the former Arcelor Mittal building.<br \/>\n<\/strong> Walk down Boulevard de la P\u00e9trusse and then down Mont\u00e9e de la P\u00e9trusse (15-20 min).<\/p>\n<p style=\"text-align: left;\">5.\u00a0 <strong>Stop &#8220;Al Molkerei&#8221; auf dem Boulevard d&#8217;Avranches<\/strong>.<br \/>\nWalk down the boulevard and then down Mont\u00e9e de la P\u00e9trusse (10-15 min.)<\/p>\n<\/div>\n<p>[\/vc_column_text][\/vc_column][\/vc_row][vc_row css_animation=&#8221;&#8221; row_type=&#8221;row&#8221; use_row_as_full_screen_section=&#8221;no&#8221; type=&#8221;full_width&#8221; angled_section=&#8221;no&#8221; text_align=&#8221;left&#8221; background_image_as_pattern=&#8221;without_pattern&#8221;][vc_column][vc_empty_space height=&#8221;50&#8243;][\/vc_column][\/vc_row][vc_row css_animation=&#8221;&#8221; row_type=&#8221;row&#8221; use_row_as_full_screen_section=&#8221;no&#8221; type=&#8221;full_width&#8221; angled_section=&#8221;no&#8221; text_align=&#8221;left&#8221; background_image_as_pattern=&#8221;without_pattern&#8221;][vc_column][vc_column_text][\/vc_column_text][\/vc_column][\/vc_row]<\/p>\n<\/div>","protected":false},"excerpt":{"rendered":"<p>[vc_row css_animation=&#8221;&#8221; row_type=&#8221;row&#8221; use_row_as_full_screen_section=&#8221;no&#8221; type=&#8221;full_width&#8221; angled_section=&#8221;no&#8221; text_align=&#8221;left&#8221; background_image_as_pattern=&#8221;without_pattern&#8221; css=&#8221;.vc_custom_1758544886004{padding-top: 30px !important;padding-right: 30px !important;padding-bottom: 30px !important;padding-left: 30px !important;background-color: #FFD200 !important;}&#8221; z_index=&#8221;&#8221;][vc_column][vc_column_text css=&#8221;&#8221;] 244 school classes and groups took part in the Science Festival 2025. This corresponds to nearly 4,000 young people and their accompanying adults. [\/vc_column_text][\/vc_column][\/vc_row][vc_row&#8230;<\/p>\n","protected":false},"author":1,"featured_media":0,"parent":0,"menu_order":0,"comment_status":"closed","ping_status":"open","template":"","meta":{"footnotes":""},"class_list":["post-373","page","type-page","status-publish","hentry"],"_links":{"self":[{"href":"https:\/\/www.science-festival.lu\/en\/wp-json\/wp\/v2\/pages\/373","targetHints":{"allow":["GET"]}}],"collection":[{"href":"https:\/\/www.science-festival.lu\/en\/wp-json\/wp\/v2\/pages"}],"about":[{"href":"https:\/\/www.science-festival.lu\/en\/wp-json\/wp\/v2\/types\/page"}],"author":[{"embeddable":true,"href":"https:\/\/www.science-festival.lu\/en\/wp-json\/wp\/v2\/users\/1"}],"replies":[{"embeddable":true,"href":"https:\/\/www.science-festival.lu\/en\/wp-json\/wp\/v2\/comments?post=373"}],"version-history":[{"count":396,"href":"https:\/\/www.science-festival.lu\/en\/wp-json\/wp\/v2\/pages\/373\/revisions"}],"predecessor-version":[{"id":2478,"href":"https:\/\/www.science-festival.lu\/en\/wp-json\/wp\/v2\/pages\/373\/revisions\/2478"}],"wp:attachment":[{"href":"https:\/\/www.science-festival.lu\/en\/wp-json\/wp\/v2\/media?parent=373"}],"curies":[{"name":"wp","href":"https:\/\/api.w.org\/{rel}","templated":true}]}}