{"id":556,"date":"2021-08-24T18:23:28","date_gmt":"2021-08-24T18:23:28","guid":{"rendered":"https:\/\/www.science-festival.lu\/?page_id=556"},"modified":"2025-06-27T12:27:29","modified_gmt":"2025-06-27T12:27:29","slug":"programme","status":"publish","type":"page","link":"https:\/\/www.science-festival.lu\/de\/programme\/","title":{"rendered":"Programm"},"content":{"rendered":"<div class=\"wpb-content-wrapper\"><p>[vc_row css_animation=&#8220;&#8220; row_type=&#8220;row&#8220; use_row_as_full_screen_section=&#8220;no&#8220; type=&#8220;full_width&#8220; angled_section=&#8220;no&#8220; text_align=&#8220;left&#8220; background_image_as_pattern=&#8220;without_pattern&#8220;][vc_column][vc_column_text][\/vc_column_text][\/vc_column][\/vc_row][vc_row row_type=&#8220;parallax&#8220; parallax_content_width=&#8220;in_grid&#8220; text_align=&#8220;left&#8220; full_screen_section_height=&#8220;no&#8220;][vc_column][vc_empty_space height=&#8220;20&#8243;][vc_column_text]<\/p>\n<h1 style=\"text-align: center;\">Programm 2021<\/h1>\n<p>[\/vc_column_text][vc_separator type=&#8220;small&#8220; position=&#8220;center&#8220; color=&#8220;#89c6dd&#8220; thickness=&#8220;3&#8243;][vc_empty_space height=&#8220;8&#8243;][vc_column_text]<\/p>\n<div class=\"post-bodycopy clearfix\">\n<h6 style=\"text-align: center;\">Wer neugierig ist, kann bereits einen Blick auf das Programm des Science Festivals werfen<\/h6>\n<\/div>\n<p>[\/vc_column_text][vc_empty_space height=&#8220;20&#8243;][\/vc_column][\/vc_row][vc_row css_animation=&#8220;&#8220; row_type=&#8220;row&#8220; use_row_as_full_screen_section=&#8220;no&#8220; type=&#8220;full_width&#8220; angled_section=&#8220;no&#8220; text_align=&#8220;left&#8220; background_image_as_pattern=&#8220;without_pattern&#8220; css=&#8220;.vc_custom_1750407718566{padding-top: 30px !important;padding-right: 30px !important;padding-bottom: 30px !important;padding-left: 30px !important;background-color: #FFD200 !important;}&#8220; z_index=&#8220;&#8220;][vc_column width=&#8220;1\/2&#8243;][vc_column_text]<\/p>\n<h2 style=\"text-align: left;\">Programm<\/h2>\n<p style=\"text-align: left;\">Endeckt das Programm des Science Festivals <strong><a href=\"https:\/\/live.eventtia.com\/fr\/sciencefestival2021\/Programme\" target=\"_blank\" rel=\"noopener\">hier<\/a>.<\/strong><br \/>\nEs ist f\u00fcr jeden etwas dabei!<\/p>\n<p>[\/vc_column_text][\/vc_column][vc_column width=&#8220;1\/2&#8243;][vc_column_text]<\/p>\n<h2>Karte<\/h2>\n<p>Wenn Sie Ihren Besuch vorbereiten m\u00f6chten, werfen Sie bitte einen Blick auf den <a href=\"https:\/\/www.science-festival.lu\/wp-content\/uploads\/2021\/10\/Plan-du-site.pdf\"><strong>Lageplan<\/strong> <\/a>(PDF-Format), der die Verteilung der Workshops, Ausstellungszeiten und andere Informationen enth\u00e4lt.[\/vc_column_text][\/vc_column][\/vc_row][vc_row css_animation=&#8220;&#8220; row_type=&#8220;row&#8220; use_row_as_full_screen_section=&#8220;no&#8220; type=&#8220;full_width&#8220; angled_section=&#8220;no&#8220; text_align=&#8220;left&#8220; background_image_as_pattern=&#8220;without_pattern&#8220;][vc_column][vc_empty_space][\/vc_column][\/vc_row][vc_row css_animation=&#8220;&#8220; row_type=&#8220;row&#8220; use_row_as_full_screen_section=&#8220;no&#8220; type=&#8220;full_width&#8220; angled_section=&#8220;no&#8220; text_align=&#8220;left&#8220; background_image_as_pattern=&#8220;without_pattern&#8220;][vc_column][vc_column_text]<\/p>\n<h1 style=\"text-align: center;\">Shows<\/h1>\n<p>[\/vc_column_text][vc_separator type=&#8220;small&#8220; position=&#8220;center&#8220; color=&#8220;#89c6dd&#8220; thickness=&#8220;3&#8243;][vc_empty_space height=&#8220;8px&#8220;][vc_column_text]<\/p>\n<h6 style=\"text-align: center;\"><strong>Empfohlene Reservierung wird f\u00fcr bestimmte Shows w\u00e4hrend der<\/strong> Anmeldung auf das Science Festival.<\/h6>\n<p>[\/vc_column_text][\/vc_column][\/vc_row][vc_row css_animation=&#8220;&#8220; row_type=&#8220;row&#8220; use_row_as_full_screen_section=&#8220;no&#8220; type=&#8220;full_width&#8220; angled_section=&#8220;no&#8220; text_align=&#8220;left&#8220; background_image_as_pattern=&#8220;without_pattern&#8220;][vc_column][vc_empty_space height=&#8220;8px&#8220;][\/vc_column][\/vc_row][vc_row css_animation=&#8220;&#8220; row_type=&#8220;row&#8220; use_row_as_full_screen_section=&#8220;no&#8220; type=&#8220;full_width&#8220; angled_section=&#8220;no&#8220; text_align=&#8220;left&#8220; background_image_as_pattern=&#8220;without_pattern&#8220; css=&#8220;.vc_custom_1750407664803{padding-top: 30px !important;padding-right: 30px !important;padding-bottom: 30px !important;padding-left: 30px !important;background-color: #FFD200 !important;}&#8220; z_index=&#8220;&#8220;][vc_column width=&#8220;1\/3&#8243;][vc_column_text]<\/p>\n<h2>Meine Lieblingsexperimente<\/h2>\n<p>Faszinierende Experimente, die Lieblingsexperimente von Joachim, warten auf Euch! Eine Geisterstimme spricht und eine Hand beginnt zu brennen. Seltsamer Nebel entsteht und wir testen, ob eine Batterie st\u00e4rker ist als wir. Wir erstellen ein Seifenraumschiff und vieles mehr. Lasst Euch \u00fcberraschen!<\/p>\n<p>&nbsp;<\/p>\n<p><strong>Wann:<\/strong> 9:30-10:00 &amp; 15:00-15:30<\/p>\n<p><strong>Zeilpublikum:<\/strong> 6 &#8211; 99<\/p>\n<p><strong>Sprache:<\/strong> D<\/p>\n<p><strong>Reservierung:<\/strong> im Formular der Reservierung f\u00fcr den Eintritt aufs Festival<\/p>\n<p>&nbsp;<\/p>\n<p><em><img fetchpriority=\"high\" decoding=\"async\" class=\"size-medium wp-image-1114 alignleft\" src=\"https:\/\/www.science-festival.lu\/wp-content\/uploads\/2021\/10\/Lieblingsexperimente-37x5cm-300x214.jpg\" alt=\"\" width=\"300\" height=\"214\" \/><\/em><\/p>\n<p>[\/vc_column_text][\/vc_column][vc_column width=&#8220;1\/3&#8243;][vc_column_text]<\/p>\n<h2>Der alchemistische Zirkus<\/h2>\n<p>Der alchemistische Zirkus ist eine Clownerie aus rauchiger Magie, lustiger Chemie und Jonglierkunstst\u00fccken. Sie f\u00fchrt Euch\u00a0zur\u00fcck in die Zeit, als der Alchemist die Welt in seinen Destillierapparaten neu erschuf, um mit den g\u00f6ttlichen Kr\u00e4ften zu konkurrieren.<\/p>\n<p>&nbsp;<\/p>\n<p><strong>Wann: <\/strong>11:30-12:00 &amp; 18:30-19h00<\/p>\n<p><strong>Zielpublikum:<\/strong> 3 &#8211; 99<\/p>\n<p><strong>Sprachen:<\/strong> ohne W\u00f6rter<\/p>\n<p><strong>Reservierung:<\/strong> nicht m\u00f6glich<\/p>\n<p>&nbsp;<\/p>\n<p><strong><img decoding=\"async\" class=\"size-medium wp-image-1115 alignleft\" src=\"https:\/\/www.science-festival.lu\/wp-content\/uploads\/2021\/10\/sitealchimique4-7x5cm-300x214.jpg\" alt=\"\" width=\"300\" height=\"214\" \/><\/strong><\/p>\n<p>[\/vc_column_text][\/vc_column][vc_column width=&#8220;1\/3&#8243;][vc_column_text]<\/p>\n<h2>Die einzige Show<br \/>\nin 4D<\/h2>\n<p>Verbl\u00fcffende Momente und spektakul\u00e4re Versuche werden auf sehr unterhaltsame Weise von \u201eechten\u201c Lehrern vorgef\u00fchrt. Neueste physikalische Erfindungen, auf die die Welt garantiert nicht gewartet hat, werden stolz der \u00d6ffentlichkeit pr\u00e4sentiert.<\/p>\n<p>&nbsp;<\/p>\n<p><strong>Wann:<\/strong> 13:00-13:30 &amp; 16:30-17:00<\/p>\n<p><strong>Zielpublikum:<\/strong> 6 &#8211; 99<\/p>\n<p><strong>Sprache:<\/strong> D<\/p>\n<p><strong>Reservierung:<\/strong> im Formular der reservierung f\u00fcr den Eintritt aufs Festival<\/p>\n<p>&nbsp;<\/p>\n<p><img decoding=\"async\" class=\"size-medium wp-image-1116 alignleft\" src=\"https:\/\/www.science-festival.lu\/wp-content\/uploads\/2021\/10\/Physik_4D-7x5cm-300x214.jpg\" alt=\"\" width=\"300\" height=\"214\" \/>[\/vc_column_text][\/vc_column][\/vc_row][vc_row css_animation=&#8220;&#8220; row_type=&#8220;row&#8220; use_row_as_full_screen_section=&#8220;no&#8220; type=&#8220;full_width&#8220; angled_section=&#8220;no&#8220; text_align=&#8220;left&#8220; background_image_as_pattern=&#8220;without_pattern&#8220;][vc_column][vc_empty_space][\/vc_column][\/vc_row][vc_row css_animation=&#8220;&#8220; row_type=&#8220;row&#8220; use_row_as_full_screen_section=&#8220;no&#8220; type=&#8220;full_width&#8220; angled_section=&#8220;no&#8220; text_align=&#8220;left&#8220; background_image_as_pattern=&#8220;without_pattern&#8220; css=&#8220;.vc_custom_1750407726057{padding-top: 30px !important;padding-right: 30px !important;padding-bottom: 30px !important;padding-left: 30px !important;background-color: #FFD200 !important;}&#8220; z_index=&#8220;&#8220;][vc_column width=&#8220;1\/2&#8243;][vc_column_text]Die <strong>obligatorische Anmeldung f\u00fcr Schulklassen und Gruppen<\/strong> ist seit dem 12. Oktober geschlossen.<\/p>\n<p>Mehr Informationen <a href=\"https:\/\/www.science-festival.lu\/de\/infos-pour-classes-scolaires-et-groupes\/\" target=\"_blank\" rel=\"noopener\">hier<\/a>[\/vc_column_text][\/vc_column][vc_column width=&#8220;1\/2&#8243;][vc_column_text]Die <strong>obligatorische Anmeldung f\u00fcr Familien und Einzelbesucher<\/strong> kann nur \u00fcber den <a href=\"https:\/\/registration-science-festival.lu\/de\" target=\"_blank\" rel=\"noopener\"><strong>Link<\/strong> <\/a>auf unserer Website vorgenommen werden.<\/p>\n<p>Mehr Informationen <strong><a href=\"https:\/\/www.science-festival.lu\/de\/infos-pour-grand-public\/\" target=\"_blank\" rel=\"noopener\">hier<\/a><\/strong>[\/vc_column_text][\/vc_column][\/vc_row][vc_row css_animation=&#8220;&#8220; row_type=&#8220;row&#8220; use_row_as_full_screen_section=&#8220;no&#8220; type=&#8220;full_width&#8220; angled_section=&#8220;no&#8220; text_align=&#8220;left&#8220; background_image_as_pattern=&#8220;without_pattern&#8220;][vc_column][vc_empty_space][\/vc_column][\/vc_row][vc_column][\/vc_column][vc_row css_animation=&#8220;&#8220; row_type=&#8220;row&#8220; use_row_as_full_screen_section=&#8220;no&#8220; type=&#8220;full_width&#8220; angled_section=&#8220;no&#8220; text_align=&#8220;left&#8220; background_image_as_pattern=&#8220;without_pattern&#8220;][vc_column][vc_column_text][\/vc_column_text][\/vc_column][\/vc_row][vc_row row_type=&#8220;parallax&#8220; parallax_content_width=&#8220;in_grid&#8220; text_align=&#8220;left&#8220; full_screen_section_height=&#8220;no&#8220;][vc_column][vc_empty_space height=&#8220;20&#8243;][vc_column_text]<\/p>\n<h1 style=\"text-align: center;\">Programm 2021<\/h1>\n<p>[\/vc_column_text][vc_separator type=&#8220;small&#8220; position=&#8220;center&#8220; color=&#8220;#89c6dd&#8220; thickness=&#8220;3&#8243;][vc_empty_space height=&#8220;8&#8243;][vc_column_text]<\/p>\n<div class=\"post-bodycopy clearfix\">\n<h6 style=\"text-align: center;\">Wer neugierig ist, kann bereits einen Blick auf das Programm des Science Festivals werfen<\/h6>\n<\/div>\n<p>[\/vc_column_text][vc_empty_space height=&#8220;20&#8243;][\/vc_column][\/vc_row][vc_row css_animation=&#8220;&#8220; row_type=&#8220;row&#8220; use_row_as_full_screen_section=&#8220;no&#8220; type=&#8220;full_width&#8220; angled_section=&#8220;no&#8220; text_align=&#8220;left&#8220; background_image_as_pattern=&#8220;without_pattern&#8220; css=&#8220;.vc_custom_1750407718566{padding-top: 30px !important;padding-right: 30px !important;padding-bottom: 30px !important;padding-left: 30px !important;background-color: #FFD200 !important;}&#8220; z_index=&#8220;&#8220;][vc_column width=&#8220;1\/2&#8243;][vc_column_text]<\/p>\n<h2 style=\"text-align: left;\">Programm<\/h2>\n<p style=\"text-align: left;\">Endeckt das Programm des Science Festivals <strong><a href=\"https:\/\/live.eventtia.com\/fr\/sciencefestival2021\/Programme\" target=\"_blank\" rel=\"noopener\">hier<\/a>.<\/strong><br \/>\nEs ist f\u00fcr jeden etwas dabei!<\/p>\n<p>[\/vc_column_text][\/vc_column][vc_column width=&#8220;1\/2&#8243;][vc_column_text]<\/p>\n<h2>Karte<\/h2>\n<p>Wenn Sie Ihren Besuch vorbereiten m\u00f6chten, werfen Sie bitte einen Blick auf den <a href=\"https:\/\/www.science-festival.lu\/wp-content\/uploads\/2021\/10\/Plan-du-site.pdf\"><strong>Lageplan<\/strong> <\/a>(PDF-Format), der die Verteilung der Workshops, Ausstellungszeiten und andere Informationen enth\u00e4lt.[\/vc_column_text][\/vc_column][\/vc_row][vc_row css_animation=&#8220;&#8220; row_type=&#8220;row&#8220; use_row_as_full_screen_section=&#8220;no&#8220; type=&#8220;full_width&#8220; angled_section=&#8220;no&#8220; text_align=&#8220;left&#8220; background_image_as_pattern=&#8220;without_pattern&#8220;][vc_column][vc_empty_space][\/vc_column][\/vc_row][vc_row css_animation=&#8220;&#8220; row_type=&#8220;row&#8220; use_row_as_full_screen_section=&#8220;no&#8220; type=&#8220;full_width&#8220; angled_section=&#8220;no&#8220; text_align=&#8220;left&#8220; background_image_as_pattern=&#8220;without_pattern&#8220;][vc_column][vc_column_text]<\/p>\n<h1 style=\"text-align: center;\">Shows<\/h1>\n<p>[\/vc_column_text][vc_separator type=&#8220;small&#8220; position=&#8220;center&#8220; color=&#8220;#89c6dd&#8220; thickness=&#8220;3&#8243;][vc_empty_space height=&#8220;8px&#8220;][vc_column_text]<\/p>\n<h6 style=\"text-align: center;\"><strong>Empfohlene Reservierung wird f\u00fcr bestimmte Shows w\u00e4hrend der<\/strong> Anmeldung auf das Science Festival.<\/h6>\n<p>[\/vc_column_text][\/vc_column][\/vc_row][vc_row css_animation=&#8220;&#8220; row_type=&#8220;row&#8220; use_row_as_full_screen_section=&#8220;no&#8220; type=&#8220;full_width&#8220; angled_section=&#8220;no&#8220; text_align=&#8220;left&#8220; background_image_as_pattern=&#8220;without_pattern&#8220;][vc_column][vc_empty_space height=&#8220;8px&#8220;][\/vc_column][\/vc_row][vc_row css_animation=&#8220;&#8220; row_type=&#8220;row&#8220; use_row_as_full_screen_section=&#8220;no&#8220; type=&#8220;full_width&#8220; angled_section=&#8220;no&#8220; text_align=&#8220;left&#8220; background_image_as_pattern=&#8220;without_pattern&#8220; css=&#8220;.vc_custom_1750407664803{padding-top: 30px !important;padding-right: 30px !important;padding-bottom: 30px !important;padding-left: 30px !important;background-color: #FFD200 !important;}&#8220; z_index=&#8220;&#8220;][vc_column width=&#8220;1\/3&#8243;][vc_column_text]<\/p>\n<h2>Meine Lieblingsexperimente<\/h2>\n<p>Faszinierende Experimente, die Lieblingsexperimente von Joachim, warten auf Euch! Eine Geisterstimme spricht und eine Hand beginnt zu brennen. Seltsamer Nebel entsteht und wir testen, ob eine Batterie st\u00e4rker ist als wir. Wir erstellen ein Seifenraumschiff und vieles mehr. Lasst Euch \u00fcberraschen!<\/p>\n<p>&nbsp;<\/p>\n<p><strong>Wann:<\/strong> 9:30-10:00 &amp; 15:00-15:30<\/p>\n<p><strong>Zeilpublikum:<\/strong> 6 &#8211; 99<\/p>\n<p><strong>Sprache:<\/strong> D<\/p>\n<p><strong>Reservierung:<\/strong> im Formular der Reservierung f\u00fcr den Eintritt aufs Festival<\/p>\n<p>&nbsp;<\/p>\n<p><em><img fetchpriority=\"high\" decoding=\"async\" class=\"size-medium wp-image-1114 alignleft\" src=\"https:\/\/www.science-festival.lu\/wp-content\/uploads\/2021\/10\/Lieblingsexperimente-37x5cm-300x214.jpg\" alt=\"\" width=\"300\" height=\"214\" \/><\/em><\/p>\n<p>[\/vc_column_text][\/vc_column][vc_column width=&#8220;1\/3&#8243;][vc_column_text]<\/p>\n<h2>Der alchemistische Zirkus<\/h2>\n<p>Der alchemistische Zirkus ist eine Clownerie aus rauchiger Magie, lustiger Chemie und Jonglierkunstst\u00fccken. Sie f\u00fchrt Euch\u00a0zur\u00fcck in die Zeit, als der Alchemist die Welt in seinen Destillierapparaten neu erschuf, um mit den g\u00f6ttlichen Kr\u00e4ften zu konkurrieren.<\/p>\n<p>&nbsp;<\/p>\n<p><strong>Wann: <\/strong>11:30-12:00 &amp; 18:30-19h00<\/p>\n<p><strong>Zielpublikum:<\/strong> 3 &#8211; 99<\/p>\n<p><strong>Sprachen:<\/strong> ohne W\u00f6rter<\/p>\n<p><strong>Reservierung:<\/strong> nicht m\u00f6glich<\/p>\n<p>&nbsp;<\/p>\n<p><strong><img decoding=\"async\" class=\"size-medium wp-image-1115 alignleft\" src=\"https:\/\/www.science-festival.lu\/wp-content\/uploads\/2021\/10\/sitealchimique4-7x5cm-300x214.jpg\" alt=\"\" width=\"300\" height=\"214\" \/><\/strong><\/p>\n<p>[\/vc_column_text][\/vc_column][vc_column width=&#8220;1\/3&#8243;][vc_column_text]<\/p>\n<h2>Die einzige Show<br \/>\nin 4D<\/h2>\n<p>Verbl\u00fcffende Momente und spektakul\u00e4re Versuche werden auf sehr unterhaltsame Weise von \u201eechten\u201c Lehrern vorgef\u00fchrt. Neueste physikalische Erfindungen, auf die die Welt garantiert nicht gewartet hat, werden stolz der \u00d6ffentlichkeit pr\u00e4sentiert.<\/p>\n<p>&nbsp;<\/p>\n<p><strong>Wann:<\/strong> 13:00-13:30 &amp; 16:30-17:00<\/p>\n<p><strong>Zielpublikum:<\/strong> 6 &#8211; 99<\/p>\n<p><strong>Sprache:<\/strong> D<\/p>\n<p><strong>Reservierung:<\/strong> im Formular der reservierung f\u00fcr den Eintritt aufs Festival<\/p>\n<p>&nbsp;<\/p>\n<p><img decoding=\"async\" class=\"size-medium wp-image-1116 alignleft\" src=\"https:\/\/www.science-festival.lu\/wp-content\/uploads\/2021\/10\/Physik_4D-7x5cm-300x214.jpg\" alt=\"\" width=\"300\" height=\"214\" \/>[\/vc_column_text][\/vc_column][\/vc_row][vc_row css_animation=&#8220;&#8220; row_type=&#8220;row&#8220; use_row_as_full_screen_section=&#8220;no&#8220; type=&#8220;full_width&#8220; angled_section=&#8220;no&#8220; text_align=&#8220;left&#8220; background_image_as_pattern=&#8220;without_pattern&#8220;][vc_column][vc_empty_space][\/vc_column][\/vc_row][vc_row css_animation=&#8220;&#8220; row_type=&#8220;row&#8220; use_row_as_full_screen_section=&#8220;no&#8220; type=&#8220;full_width&#8220; angled_section=&#8220;no&#8220; text_align=&#8220;left&#8220; background_image_as_pattern=&#8220;without_pattern&#8220; css=&#8220;.vc_custom_1750407726057{padding-top: 30px !important;padding-right: 30px !important;padding-bottom: 30px !important;padding-left: 30px !important;background-color: #FFD200 !important;}&#8220; z_index=&#8220;&#8220;][vc_column width=&#8220;1\/2&#8243;][vc_column_text]Die <strong>obligatorische Anmeldung f\u00fcr Schulklassen und Gruppen<\/strong> ist seit dem 12. Oktober geschlossen.<\/p>\n<p>Mehr Informationen <a href=\"https:\/\/www.science-festival.lu\/de\/infos-pour-classes-scolaires-et-groupes\/\" target=\"_blank\" rel=\"noopener\">hier<\/a>[\/vc_column_text][\/vc_column][vc_column width=&#8220;1\/2&#8243;][vc_column_text]Die <strong>obligatorische Anmeldung f\u00fcr Familien und Einzelbesucher<\/strong> kann nur \u00fcber den <a href=\"https:\/\/registration-science-festival.lu\/de\" target=\"_blank\" rel=\"noopener\"><strong>Link<\/strong> <\/a>auf unserer Website vorgenommen werden.<\/p>\n<p>Mehr Informationen <strong><a href=\"https:\/\/www.science-festival.lu\/de\/infos-pour-grand-public\/\" target=\"_blank\" rel=\"noopener\">hier<\/a><\/strong>[\/vc_column_text][\/vc_column][\/vc_row][vc_row css_animation=&#8220;&#8220; row_type=&#8220;row&#8220; use_row_as_full_screen_section=&#8220;no&#8220; type=&#8220;full_width&#8220; angled_section=&#8220;no&#8220; text_align=&#8220;left&#8220; background_image_as_pattern=&#8220;without_pattern&#8220;][vc_column][vc_empty_space][\/vc_column][\/vc_row][vc_column][\/vc_column]<\/p>\n<\/div>","protected":false},"excerpt":{"rendered":"<p>[vc_row css_animation=&#8220;&#8220; row_type=&#8220;row&#8220; use_row_as_full_screen_section=&#8220;no&#8220; type=&#8220;full_width&#8220; angled_section=&#8220;no&#8220; text_align=&#8220;left&#8220; background_image_as_pattern=&#8220;without_pattern&#8220;][vc_column][vc_column_text][\/vc_column_text][\/vc_column][\/vc_row][vc_row row_type=&#8220;parallax&#8220; parallax_content_width=&#8220;in_grid&#8220; text_align=&#8220;left&#8220; full_screen_section_height=&#8220;no&#8220;][vc_column][vc_empty_space height=&#8220;20&#8243;][vc_column_text] Programm 2021 [\/vc_column_text][vc_separator type=&#8220;small&#8220; position=&#8220;center&#8220; color=&#8220;#89c6dd&#8220; thickness=&#8220;3&#8243;][vc_empty_space height=&#8220;8&#8243;][vc_column_text] Wer neugierig ist, kann bereits einen Blick auf das Programm des Science Festivals werfen [\/vc_column_text][vc_empty_space height=&#8220;20&#8243;][\/vc_column][\/vc_row][vc_row css_animation=&#8220;&#8220; row_type=&#8220;row&#8220; use_row_as_full_screen_section=&#8220;no&#8220; type=&#8220;full_width&#8220; angled_section=&#8220;no&#8220; text_align=&#8220;left&#8220; background_image_as_pattern=&#8220;without_pattern&#8220; css=&#8220;.vc_custom_1750407718566{padding-top:&#8230;<\/p>\n","protected":false},"author":1,"featured_media":0,"parent":0,"menu_order":0,"comment_status":"closed","ping_status":"closed","template":"","meta":{"footnotes":""},"class_list":["post-556","page","type-page","status-publish","hentry"],"_links":{"self":[{"href":"https:\/\/www.science-festival.lu\/de\/wp-json\/wp\/v2\/pages\/556","targetHints":{"allow":["GET"]}}],"collection":[{"href":"https:\/\/www.science-festival.lu\/de\/wp-json\/wp\/v2\/pages"}],"about":[{"href":"https:\/\/www.science-festival.lu\/de\/wp-json\/wp\/v2\/types\/page"}],"author":[{"embeddable":true,"href":"https:\/\/www.science-festival.lu\/de\/wp-json\/wp\/v2\/users\/1"}],"replies":[{"embeddable":true,"href":"https:\/\/www.science-festival.lu\/de\/wp-json\/wp\/v2\/comments?post=556"}],"version-history":[{"count":90,"href":"https:\/\/www.science-festival.lu\/de\/wp-json\/wp\/v2\/pages\/556\/revisions"}],"predecessor-version":[{"id":2201,"href":"https:\/\/www.science-festival.lu\/de\/wp-json\/wp\/v2\/pages\/556\/revisions\/2201"}],"wp:attachment":[{"href":"https:\/\/www.science-festival.lu\/de\/wp-json\/wp\/v2\/media?parent=556"}],"curies":[{"name":"wp","href":"https:\/\/api.w.org\/{rel}","templated":true}]}}