{"id":2,"date":"2021-07-14T09:47:13","date_gmt":"2021-07-14T09:47:13","guid":{"rendered":"https:\/\/www.science-festival.lu\/?page_id=2"},"modified":"2025-12-09T16:55:06","modified_gmt":"2025-12-09T16:55:06","slug":"partenaires","status":"publish","type":"page","link":"https:\/\/www.science-festival.lu\/de\/partenaires\/","title":{"rendered":"Partenaires 2025"},"content":{"rendered":"<div class=\"wpb-content-wrapper\"><p>[vc_row row_type=&#8220;parallax&#8220; parallax_content_width=&#8220;in_grid&#8220; text_align=&#8220;left&#8220; full_screen_section_height=&#8220;no&#8220;][vc_column][vc_column_text css=&#8220;&#8220;]<\/p>\n<h1 style=\"text-align: center;\">Partner des Science Festival 2025<\/h1>\n<p>[\/vc_column_text][vc_empty_space height=&#8220;20&#8243;][vc_column_text css=&#8220;&#8220;]<\/p>\n<div class=\"post-bodycopy clearfix\">\n<h6 style=\"text-align: center;\">Das Science Festival 2025 ist organisiert von:<\/h6>\n<h5 style=\"text-align: center;\"><a href=\"http:\/\/www.mnhn.lu\" target=\"_blank\" rel=\"noopener noreferrer\">Naturmus\u00e9e<\/a><\/h5>\n<h5 style=\"text-align: center;\"><a href=\"http:\/\/www.fnr.lu\" target=\"_blank\" rel=\"noopener noreferrer\">Luxembourg National Research Fund<\/a><\/h5>\n<h1 style=\"text-align: center;\">&#8211;<\/h1>\n<h6 style=\"text-align: center;\">In Partnerschaft mit:<\/h6>\n<h5 style=\"text-align: center;\"><a href=\"https:\/\/mcult.gouvernement.lu\/fr.html\" target=\"_blank\" rel=\"noopener noreferrer\">Minist\u00e8re de la Culture<\/a><\/h5>\n<h5 style=\"text-align: center;\"><a href=\"http:\/\/www.mesr.public.lu\/\" target=\"_blank\" rel=\"noopener noreferrer\">Minist\u00e8re de l\u2019Enseignement sup\u00e9rieur et de la Recherche<\/a><\/h5>\n<h5 style=\"text-align: center;\"><a href=\"http:\/\/www.neimenster.lu\" target=\"_blank\" rel=\"noopener noreferrer\">neim\u00ebnster<\/a><\/h5>\n<h5 style=\"text-align: center;\"><a href=\"http:\/\/www.vdl.lu\" target=\"_blank\" rel=\"noopener noreferrer\">Ville de Luxembourg<\/a><\/h5>\n<h5 style=\"text-align: center;\"><a href=\"http:\/\/www.science.lu\/\" target=\"_blank\" rel=\"noopener noreferrer\">www.science.lu<\/a>, die wissenschaftliche Website Luxemburgs f\u00fcr die breite \u00d6ffentlichkeit<\/h5>\n<p style=\"text-align: center;\"><strong><a href=\"https:\/\/www.rtl.lu\/\" target=\"_blank\" rel=\"noopener\">RTL<\/a><\/strong><\/p>\n<h1 style=\"text-align: center;\">&#8211;<\/h1>\n<h6 style=\"text-align: center;\">Die Organisatoren danken den folgenden Unternehmen\/Institutionen f\u00fcr ihre freundliche Teilnahme:<\/h6>\n<h5 style=\"text-align: center;\"><a href=\"https:\/\/www.dupont.com\/locations\/welcome-to-dupont-luxembourg.html\" target=\"_blank\" rel=\"noopener\">DuPont de Nemours (Luxembourg) Sarl<\/a><\/h5>\n<h5 style=\"text-align: center;\">Jugendzenter Huelmes<\/h5>\n<h5 style=\"text-align: center;\"><a href=\"http:\/\/www.list.lu\" target=\"_blank\" rel=\"noopener\">Luxembourg Institute of Science and Technology (LIST) <\/a>(verschiedene Teams)<\/h5>\n<h5 style=\"text-align: center;\"><a href=\"http:\/\/www.vauban.lu\" target=\"_blank\" rel=\"noopener\">Lyc\u00e9e Vauban<\/a><\/h5>\n<h5 style=\"text-align: center;\"><a href=\"https:\/\/msf.lu\/\" target=\"_blank\" rel=\"noopener\">M\u00e9decins Sans Fronti\u00e8res<\/a><\/h5>\n<h5 style=\"text-align: center;\"><a href=\"https:\/\/op.europa.eu\/fr\/\" target=\"_blank\" rel=\"noopener\">Office des Publications de l&#8217;Union Europ\u00e9enne<\/a><\/h5>\n<h5 style=\"text-align: center;\"><a href=\"https:\/\/www.snj.public.lu\/\" target=\"_blank\" rel=\"noopener\">Service National de la Jeunesse<\/a><\/h5>\n<h1 style=\"text-align: center;\">&#8211;<\/h1>\n<h6 style=\"text-align: center;\">Ein herzliches Dankesch\u00f6n auch an die folgenden Institutionen f\u00fcr ihre Teilnahme:<\/h6>\n<h5 style=\"text-align: center;\"><a href=\"http:\/\/www.sciencenordmoselle.fr\/\" target=\"_blank\" rel=\"noopener\">Coordination Nord Mosellane de la F\u00eate de la Science<\/a><\/h5>\n<h5 style=\"text-align: center;\"><a href=\"http:\/\/www.deiklengfuerscher.lu\" target=\"_blank\" rel=\"noopener noreferrer\">D\u00e9i kleng Fuerscher asbl<\/a><\/h5>\n<h5 style=\"text-align: center;\"><a href=\"https:\/\/www.physikanten.de\/\" target=\"_blank\" rel=\"noopener\">Die Physikanten<\/a><\/h5>\n<h5 style=\"text-align: center;\"><a href=\"http:\/\/www.eimab.lu\" target=\"_blank\" rel=\"noopener\">Ecole internationale Mersch Anne Beffort<\/a><\/h5>\n<h5 style=\"text-align: center;\">Environment and Sustainability Education<\/h5>\n<h5 style=\"text-align: center;\"><a href=\"https:\/\/www.esero.lu\/\" target=\"_blank\" rel=\"noopener\">ESERO<\/a><\/h5>\n<h5 style=\"text-align: center;\"><a href=\"https:\/\/experimenteshows.de\/\" target=\"_blank\" rel=\"noopener\">Experimenteshows.de<\/a><\/h5>\n<h5 style=\"text-align: center;\"><a href=\"http:\/\/www.fjsl.lu\" target=\"_blank\" rel=\"noopener\">Fondation Jeunes Scientifiques Luxembourg<\/a><\/h5>\n<h5 style=\"text-align: center;\"><a href=\"http:\/\/www.forschperspektive.de\" target=\"_blank\" rel=\"noopener\">Forscherperspektive Science Show<\/a><\/h5>\n<h5 style=\"text-align: center;\"><a href=\"https:\/\/www.fudo.lu\/\" target=\"_blank\" rel=\"noopener\">FUDO<\/a><\/h5>\n<h5 style=\"text-align: center;\"><a href=\"http:\/\/www.wessens-atelier.lu\" target=\"_blank\" rel=\"noopener\">Ing\u00e9nieurs et Scientifiques du Luxembourg asbl &#8211;\u00a0 W\u00ebssens-Atelier<\/a><\/h5>\n<h5 style=\"text-align: center;\"><a href=\"https:\/\/www.kidslifeskills.org\/\" target=\"_blank\" rel=\"noopener\">Kids Life Skills<\/a><\/h5>\n<h5 style=\"text-align: center;\"><a href=\"https:\/\/www.lespetitsdebrouillards.org\/\" target=\"_blank\" rel=\"noopener\">Les Petits D\u00e9brouillards Grand-Est<\/a><\/h5>\n<h5 style=\"text-align: center;\"><a href=\"https:\/\/www.liser.lu\/\" target=\"_blank\" rel=\"noopener\">Luxembourg Institute of Socio-Economic Research (LISER)<\/a><\/h5>\n<h5 style=\"text-align: center;\"><a href=\"http:\/\/lih.lu\" target=\"_blank\" rel=\"noopener noreferrer\">Luxembourg Institute of Health<\/a> (verschieden Teams)<\/h5>\n<h5 style=\"text-align: center;\"><a href=\"http:\/\/www.science-center.lu\" target=\"_blank\" rel=\"noopener noreferrer\">Luxembourg Science Center<\/a><\/h5>\n<h5 style=\"text-align: center;\"><a href=\"http:\/\/www.lgl.lu\" target=\"_blank\" rel=\"noopener noreferrer\">Lyc\u00e9e de Gar\u00e7ons Luxembourg<\/a> (verschiedene Teams)<\/h5>\n<h5 style=\"text-align: center;\"><a href=\"http:\/\/www.techschool.lu\" target=\"_blank\" rel=\"noopener\">Luxembourg Tech School<\/a><\/h5>\n<h5 style=\"text-align: center;\"><a href=\"https:\/\/musee-tudor.lu\/fr\/\" target=\"_blank\" rel=\"noopener\">Mus\u00e9e Tudor<\/a><\/h5>\n<h5 style=\"text-align: center;\"><a href=\"http:\/\/www.naturemwelt.lu\" target=\"_blank\" rel=\"noopener\">natur&amp;\u00ebmwelt<\/a><\/h5>\n<h5 style=\"text-align: center;\"><a href=\"https:\/\/www.naturpark-mellerdall.lu\/\" target=\"_blank\" rel=\"noopener\">Natur- &amp; UNESCO Global Geopark M\u00ebllerdall<\/a><\/h5>\n<h5 style=\"text-align: center;\"><a href=\"http:\/\/www.odyssea.lu\" target=\"_blank\" rel=\"noopener noreferrer\">Odyssea<\/a><\/h5>\n<h5 style=\"text-align: center;\"><a href=\"https:\/\/www.sennesraich.lu\/de\/\" target=\"_blank\" rel=\"noopener\">Park S\u00ebnnesr\u00e4ich<\/a><\/h5>\n<h5 style=\"text-align: center;\">Polar.lu<\/h5>\n<h5 style=\"text-align: center;\">Science Bridge<\/h5>\n<h5 style=\"text-align: center;\"><a href=\"https:\/\/www.mit.krakow.pl\/en\/experimental-garden\/garden-history\/\" target=\"_blank\" rel=\"noopener\">Science Garden &#8211; MIT in Cracow<\/a><\/h5>\n<h5 style=\"text-align: center;\"><a href=\"https:\/\/www.uni.lu\/life-de\/scienteens-lab\/\" target=\"_blank\" rel=\"noopener\">Scienteens Lab<\/a><\/h5>\n<h5 style=\"text-align: center;\">ShowLabor &#8211; Felix Homann<\/h5>\n<h5 style=\"text-align: center;\"><a href=\"https:\/\/sdk.lu\/de\/\" target=\"_blank\" rel=\"noopener\">SuperDr\u00e9cksK\u00ebscht<\/a><\/h5>\n<h5 style=\"text-align: center;\">syn2cat asbl<\/h5>\n<h5 style=\"text-align: center;\"><a href=\"http:\/\/www.technikschoul.lu\" target=\"_blank\" rel=\"noopener\">Technikschoul<\/a> &amp;\u00a0<a href=\"http:\/\/www.naturschoul.lu\" target=\"_blank\" rel=\"noopener\">Naturschoul D\u00e9ifferdeng<\/a><\/h5>\n<h5 style=\"text-align: center;\"><a href=\"http:\/\/www.uni.lu\" target=\"_blank\" rel=\"noopener noreferrer\">University of Luxembourg<\/a> (verschiedne Teams)<\/h5>\n<h5 style=\"text-align: center;\"><a href=\"http:\/\/activitesnature.vdl.lu\" target=\"_blank\" rel=\"noopener\">Ville de Luxembourg &#8211; Service Enseignement &#8222;activit\u00e9s-nature&#8220;<\/a><\/h5>\n<\/div>\n<p>[\/vc_column_text][vc_empty_space height=&#8220;50&#8243;][\/vc_column][\/vc_row][vc_row row_type=&#8220;parallax&#8220; parallax_content_width=&#8220;in_grid&#8220; text_align=&#8220;left&#8220; full_screen_section_height=&#8220;no&#8220;][vc_column][vc_column_text]<\/p>\n<h1 style=\"text-align: center;\">Partner des Science Festival 2021<\/h1>\n<p>[\/vc_column_text][vc_empty_space height=&#8220;20&#8243;][vc_column_text]<\/p>\n<div class=\"post-bodycopy clearfix\">\n<h6 style=\"text-align: center;\">Das Science Festival 2023 wird organisiert von:<\/h6>\n<h5 style=\"text-align: center;\"><a href=\"http:\/\/www.mnhn.lu\" target=\"_blank\" rel=\"noopener noreferrer\">Natur Mus\u00e9e<\/a><\/h5>\n<h5 style=\"text-align: center;\"><a href=\"http:\/\/www.fnr.lu\" target=\"_blank\" rel=\"noopener noreferrer\">Fonds National de la Recherche<\/a><\/h5>\n<h1 style=\"text-align: center;\">&#8211;<\/h1>\n<h6 style=\"text-align: center;\">In Partnerschaft mit:<\/h6>\n<h5 style=\"text-align: center;\"><a href=\"http:\/\/www.gouvernement.lu\/mc\" target=\"_blank\" rel=\"noopener noreferrer\">Minist\u00e8re de la Culture<\/a><\/h5>\n<h5 style=\"text-align: center;\"><a href=\"http:\/\/www.mesr.public.lu\/\" target=\"_blank\" rel=\"noopener noreferrer\">Minist\u00e8re de l\u2019Enseignement sup\u00e9rieur et de la Recherche<\/a><\/h5>\n<h5 style=\"text-align: center;\"><a href=\"http:\/\/www.neimenster.lu\" target=\"_blank\" rel=\"noopener noreferrer\">neim\u00ebnster<\/a><\/h5>\n<h5 style=\"text-align: center;\"><a href=\"http:\/\/www.vdl.lu\" target=\"_blank\" rel=\"noopener noreferrer\">Ville de Luxembourg<\/a><\/h5>\n<h5 style=\"text-align: center;\"><a href=\"http:\/\/www.science.lu\/\" target=\"_blank\" rel=\"noopener noreferrer\">www.science.lu<\/a>, le site scientifique du Luxembourg destin\u00e9 au grand public<\/h5>\n<h6 style=\"text-align: center;\">Die Organisatoren m\u00f6chten sich bei den folgenden Unternehmen\/Institutionen f\u00fcr ihre freundliche Teilnahme bedanken:<\/h6>\n<h5 style=\"text-align: center;\"><a href=\"http:\/\/www.ceratizit.com\" target=\"_blank\" rel=\"noopener\">Ceratizit<\/a><\/h5>\n<h5 style=\"text-align: center;\"><a href=\"http:\/\/www.cdm.lu\" target=\"_blank\" rel=\"noopener\">Chambre des m\u00e9tiers<\/a><\/h5>\n<h5 style=\"text-align: center;\"><a href=\"http:\/\/www.eimab.lu\" target=\"_blank\" rel=\"noopener\">\u00c9cole internationale Mersch Anne Beffort<\/a><\/h5>\n<h5 style=\"text-align: center;\"><a href=\"http:\/\/www.list.lu\" target=\"_blank\" rel=\"noopener noreferrer\">LIST<\/a> ( verschiedene Teams )<\/h5>\n<h5 style=\"text-align: center;\"><a href=\"http:\/\/www.sdk.lu\" target=\"_blank\" rel=\"noopener noreferrer\">SuperDrecksK\u00ebscht\u00ae<\/a><\/h5>\n<h1 style=\"text-align: center;\">&#8211;<\/h1>\n<h6 style=\"text-align: center;\">Vielen Dank auch an die folgenden Institutionen f\u00fcr ihre Teilnahme:<\/h6>\n<h5 style=\"text-align: center;\"><a href=\"http:\/\/activitesnature.vdl.lu\" target=\"_blank\" rel=\"noopener noreferrer\">Activit\u00e9s-nature Ville de Luxembourg<\/a><\/h5>\n<h5 style=\"text-align: center;\"><a href=\"https:\/\/asteroidday.org\/\" target=\"_blank\" rel=\"noopener\">Asteroid foundation<\/a><\/h5>\n<h5 style=\"text-align: center;\"><a href=\"http:\/\/www.codeclub.lu\" target=\"_blank\" rel=\"noopener\">Code Club asbl<\/a><\/h5>\n<h5 style=\"text-align: center;\"><a href=\"http:\/\/www.sciencenordmoselle.fr\/\" target=\"_blank\" rel=\"noopener\">Coordination Nord Mosellane de la F\u00eate de la Science<\/a><\/h5>\n<h5 style=\"text-align: center;\"><a href=\"http:\/\/www.deiklengfuerscher.lu\" target=\"_blank\" rel=\"noopener noreferrer\">D\u00e9i kleng Fuerscher asbl<\/a><\/h5>\n<h5 style=\"text-align: center;\"><a href=\"http:\/\/www.eimab.lu\" target=\"_blank\" rel=\"noopener\">Ecole internationale Mersch Anne Beffort<\/a><\/h5>\n<h5 style=\"text-align: center;\"><a href=\"http:\/\/portal.education.lu\/eid\" target=\"_blank\" rel=\"noopener noreferrer\">Ecole internationale de Differdange et d\u2019Esch-sur-Alzette<\/a><\/h5>\n<h5 style=\"text-align: center;\"><a href=\"http:\/\/www.experinauten.com\" target=\"_blank\" rel=\"noopener\">Experinauten gUG<\/a><\/h5>\n<h5 style=\"text-align: center;\"><a href=\"http:\/\/www.fjsl.lu\" target=\"_blank\" rel=\"noopener\">Fondation Jeunes Scientifiques Luxembourg<\/a><\/h5>\n<h5 style=\"text-align: center;\"><a href=\"http:\/\/www.forschperspektive.de\" target=\"_blank\" rel=\"noopener\">Forscherperspektive Science Show<\/a><\/h5>\n<h5 style=\"text-align: center;\"><a href=\"http:\/\/www.wessens-atelier.lu\" target=\"_blank\" rel=\"noopener\">Ing\u00e9nieurs et Scientifiques du Luxembourg<\/a><\/h5>\n<h5 style=\"text-align: center;\"><a href=\"theatreetoilepliante@orange.fr\" target=\"_blank\" rel=\"noopener\">Le Th\u00e9\u00e2tre de l&#8217;\u00c9toile Pliante<\/a><\/h5>\n<h5 style=\"text-align: center;\"><a href=\"https:\/\/wwwen.uni.lu\/lcsb\" target=\"_blank\" rel=\"noopener\">Luxembourg\u00a0 Center for Systems Biomedicine<\/a><\/h5>\n<h5 style=\"text-align: center;\"><a href=\"http:\/\/lih.lu\" target=\"_blank\" rel=\"noopener noreferrer\">Luxembourg Institute of Health<\/a> ( verschiedene Teams )<\/h5>\n<h5><a href=\"http:\/\/www.list.lu\" target=\"_blank\" rel=\"noopener\">Luxembourg Institute of Science and Technology\u00a0<\/a>( verschiedene Teams )<\/h5>\n<h5 style=\"text-align: center;\"><a href=\"http:\/\/www.science-center.lu\" target=\"_blank\" rel=\"noopener noreferrer\">Luxembourg Science Center<\/a><\/h5>\n<h5 style=\"text-align: center;\"><a href=\"http:\/\/www.lgl.lu\" target=\"_blank\" rel=\"noopener noreferrer\">Lyc\u00e9e de Gar\u00e7ons Luxembourg<\/a> ( verschiedene Teams )<\/h5>\n<h5 style=\"text-align: center;\"><a href=\"http:\/\/www.techschool.lu\" target=\"_blank\" rel=\"noopener\">Luxembourg Tech School<\/a><\/h5>\n<h5 style=\"text-align: center;\"><a href=\"http:\/\/www.mus\u00e9e-tudor.lu\" target=\"_blank\" rel=\"noopener\">Mus\u00e9e Tudor<\/a><\/h5>\n<h5 style=\"text-align: center;\"><a href=\"http:\/\/www.naturemwelt.lu\" target=\"_blank\" rel=\"noopener\">Natur&amp;\u00ebmwelt asbl<\/a><\/h5>\n<h5 style=\"text-align: center;\"><a href=\"http:\/\/www.odyssea.lu\" target=\"_blank\" rel=\"noopener noreferrer\">Odyssea<\/a><\/h5>\n<h5 style=\"text-align: center;\"><a href=\"http:\/\/www.physik-event.de\" target=\"_blank\" rel=\"noopener noreferrer\">Physik-event<\/a><\/h5>\n<h5 style=\"text-align: center;\"><a href=\"http:\/\/www.polar.lu\" target=\"_blank\" rel=\"noopener noreferrer\">Polar.lu<\/a><\/h5>\n<h5 style=\"text-align: center;\"><a href=\"http:\/\/www.joachim-hecker.de\" target=\"_blank\" rel=\"noopener noreferrer\">Science Entertainment<\/a><\/h5>\n<h5 style=\"text-align: center;\"><a href=\"https:\/\/scilux.buzzsprout.com\/\" target=\"_blank\" rel=\"noopener\">SciLux<\/a><\/h5>\n<h5 style=\"text-align: center;\"><a href=\"http:\/\/www.science-days.de\" target=\"_blank\" rel=\"noopener\">Science &amp; Technologie gGmbH<\/a><\/h5>\n<h5 style=\"text-align: center;\"><a href=\"http:\/\/www.technikschoul.lu\" target=\"_blank\" rel=\"noopener\">Technikschoul<\/a> &amp;\u00a0<a href=\"http:\/\/www.naturschoul.lu\" target=\"_blank\" rel=\"noopener\">Natur Schoul<\/a><\/h5>\n<h5 style=\"text-align: center;\"><a href=\"http:\/\/www.uni.lu\" target=\"_blank\" rel=\"noopener noreferrer\">University of Luxembourg<\/a> ( verschiedene Teams )<\/h5>\n<h1 style=\"text-align: center;\">&#8211;<\/h1>\n<h6 style=\"text-align: center;\"><em>Vielen Dank auch f\u00fcr ihre Teilnahme an:<\/em><\/h6>\n<h6 style=\"text-align: center;\"><em>Marie-Alix Dalle<\/em><\/h6>\n<\/div>\n<p>[\/vc_column_text][vc_empty_space height=&#8220;50&#8243;][\/vc_column][\/vc_row]<\/p>\n<\/div>","protected":false},"excerpt":{"rendered":"<p>[vc_row row_type=&#8220;parallax&#8220; parallax_content_width=&#8220;in_grid&#8220; text_align=&#8220;left&#8220; full_screen_section_height=&#8220;no&#8220;][vc_column][vc_column_text css=&#8220;&#8220;] Partner des Science Festival 2025 [\/vc_column_text][vc_empty_space height=&#8220;20&#8243;][vc_column_text css=&#8220;&#8220;] Das Science Festival 2025 ist organisiert von: Naturmus\u00e9e Luxembourg National Research Fund &#8211; In Partnerschaft mit: Minist\u00e8re de la Culture Minist\u00e8re de l\u2019Enseignement sup\u00e9rieur et de la Recherche neim\u00ebnster Ville de&#8230;<\/p>\n","protected":false},"author":1,"featured_media":0,"parent":0,"menu_order":0,"comment_status":"closed","ping_status":"closed","template":"","meta":{"footnotes":""},"class_list":["post-2","page","type-page","status-publish","hentry"],"_links":{"self":[{"href":"https:\/\/www.science-festival.lu\/de\/wp-json\/wp\/v2\/pages\/2","targetHints":{"allow":["GET"]}}],"collection":[{"href":"https:\/\/www.science-festival.lu\/de\/wp-json\/wp\/v2\/pages"}],"about":[{"href":"https:\/\/www.science-festival.lu\/de\/wp-json\/wp\/v2\/types\/page"}],"author":[{"embeddable":true,"href":"https:\/\/www.science-festival.lu\/de\/wp-json\/wp\/v2\/users\/1"}],"replies":[{"embeddable":true,"href":"https:\/\/www.science-festival.lu\/de\/wp-json\/wp\/v2\/comments?post=2"}],"version-history":[{"count":41,"href":"https:\/\/www.science-festival.lu\/de\/wp-json\/wp\/v2\/pages\/2\/revisions"}],"predecessor-version":[{"id":2477,"href":"https:\/\/www.science-festival.lu\/de\/wp-json\/wp\/v2\/pages\/2\/revisions\/2477"}],"wp:attachment":[{"href":"https:\/\/www.science-festival.lu\/de\/wp-json\/wp\/v2\/media?parent=2"}],"curies":[{"name":"wp","href":"https:\/\/api.w.org\/{rel}","templated":true}]}}